{"id":223,"date":"2023-03-22T00:48:22","date_gmt":"2023-03-22T00:48:22","guid":{"rendered":"https:\/\/diversus-design.com\/?page_id=223"},"modified":"2024-06-28T18:24:13","modified_gmt":"2024-06-28T18:24:13","slug":"usluge","status":"publish","type":"page","link":"https:\/\/diversus-design.com\/en\/services\/","title":{"rendered":"SERVICES"},"content":{"rendered":"<p>[et_pb_section fb_built=&#8221;1&#8243; custom_padding_last_edited=&#8221;on|phone&#8221; admin_label=&#8221;Header&#8221; _builder_version=&#8221;4.20.2&#8243; _module_preset=&#8221;default&#8221; background_image=&#8221;https:\/\/diversus-design.com\/wp-content\/uploads\/2023\/04\/usluge_naslovnica.jpg&#8221; custom_padding=&#8221;160px||160px||true|&#8221; custom_padding_tablet=&#8221;100px||100px||true|false&#8221; custom_padding_phone=&#8221;30px||30px||true|false&#8221; locked=&#8221;off&#8221; global_colors_info=&#8221;{}&#8221;][et_pb_row _builder_version=&#8221;4.18.0&#8243; _module_preset=&#8221;default&#8221; global_colors_info=&#8221;{}&#8221;][et_pb_column type=&#8221;4_4&#8243; _builder_version=&#8221;4.18.0&#8243; _module_preset=&#8221;default&#8221; global_colors_info=&#8221;{}&#8221;][et_pb_text _builder_version=&#8221;4.25.2&#8243; _module_preset=&#8221;d72c0383-6487-4f2c-ac5c-7d48a6376757&#8243; header_font=&#8221;Roboto|300||on|||||&#8221; header_text_color=&#8221;#004a69&#8243; header_font_size=&#8221;96px&#8221; header_line_height=&#8221;1.2em&#8221; header_font_size_tablet=&#8221;50px&#8221; header_font_size_phone=&#8221;30px&#8221; header_font_size_last_edited=&#8221;on|phone&#8221; content_en_us=&#8221;<\/p>\n<h1>SERVICES<\/h1>\n<p>&#8221; locked=&#8221;off&#8221; global_colors_info=&#8221;{}&#8221;]<\/p>\n<h1>USLUGE<\/h1>\n<p>[\/et_pb_text][\/et_pb_column][\/et_pb_row][et_pb_row column_structure=&#8221;1_2,1_2&#8243; _builder_version=&#8221;4.20.2&#8243; _module_preset=&#8221;default&#8221; global_colors_info=&#8221;{}&#8221;][et_pb_column type=&#8221;1_2&#8243; _builder_version=&#8221;4.20.2&#8243; _module_preset=&#8221;default&#8221; use_background_color_gradient=&#8221;on&#8221; background_color_gradient_direction=&#8221;-90deg&#8221; background_color_gradient_stops=&#8221;rgba(255,255,255,0) 40%|#004a69 40%&#8221; custom_padding=&#8221;||0px||false|false&#8221; global_colors_info=&#8221;{}&#8221;][et_pb_image src=&#8221;https:\/\/diversus-design.com\/wp-content\/uploads\/2023\/03\/diversus_design_naslovna_31.jpg&#8221; title_text=&#8221;diversus_design_naslovna_31&#8243; _builder_version=&#8221;4.20.2&#8243; _module_preset=&#8221;default&#8221; custom_margin=&#8221;||||false|false&#8221; custom_padding=&#8221;|||20%|false|false&#8221; border_radii=&#8221;off|1000px|1000px||&#8221; locked=&#8221;off&#8221; global_colors_info=&#8221;{}&#8221;][\/et_pb_image][\/et_pb_column][et_pb_column type=&#8221;1_2&#8243; _builder_version=&#8221;4.20.2&#8243; _module_preset=&#8221;default&#8221; background_color=&#8221;#db7093&#8243; global_colors_info=&#8221;{}&#8221;][et_pb_image src=&#8221;https:\/\/diversus-design.com\/wp-content\/uploads\/2023\/03\/diversus_design_naslovna_32.jpg&#8221; title_text=&#8221;diversus_design_naslovna_32&#8243; _builder_version=&#8221;4.20.2&#8243; _module_preset=&#8221;default&#8221; custom_margin=&#8221;||||false|false&#8221; custom_padding=&#8221;|20%|||false|false&#8221; locked=&#8221;off&#8221; global_colors_info=&#8221;{}&#8221;][\/et_pb_image][\/et_pb_column][\/et_pb_row][\/et_pb_section][et_pb_section fb_built=&#8221;1&#8243; admin_label=&#8221;Services&#8221; _builder_version=&#8221;4.18.0&#8243; _module_preset=&#8221;default&#8221; locked=&#8221;off&#8221; global_colors_info=&#8221;{}&#8221;][et_pb_row column_structure=&#8221;1_2,1_2&#8243; _builder_version=&#8221;4.18.0&#8243; _module_preset=&#8221;default&#8221; global_colors_info=&#8221;{}&#8221;][et_pb_column type=&#8221;1_2&#8243; _builder_version=&#8221;4.18.0&#8243; _module_preset=&#8221;default&#8221; global_colors_info=&#8221;{}&#8221;][et_pb_image src=&#8221;https:\/\/diversus-design.com\/wp-content\/uploads\/2023\/03\/diversus_design_naslovna_30.jpg&#8221; title_text=&#8221;diversus_design_naslovna_30&#8243; _builder_version=&#8221;4.20.2&#8243; _module_preset=&#8221;default&#8221; locked=&#8221;off&#8221; global_colors_info=&#8221;{}&#8221;][\/et_pb_image][\/et_pb_column][et_pb_column type=&#8221;1_2&#8243; _builder_version=&#8221;4.18.0&#8243; _module_preset=&#8221;default&#8221; global_colors_info=&#8221;{}&#8221;][et_pb_text _builder_version=&#8221;4.25.2&#8243; _module_preset=&#8221;32021f09-dd67-47fb-8f9a-832b72a38baf&#8221; header_2_font=&#8221;Roboto|300||on|||||&#8221; header_2_text_color=&#8221;#004a69&#8243; header_2_font_size=&#8221;40px&#8221; header_2_line_height=&#8221;1.35em&#8221; hover_enabled=&#8221;0&#8243; header_2_font_size_tablet=&#8221;30px&#8221; header_2_font_size_phone=&#8221;18px&#8221; header_2_font_size_last_edited=&#8221;on|phone&#8221; content_en_us=&#8221;<\/p>\n<h2>1. PROJECT BRIEF AGREEMENT WITH THE CLIENT<\/h2>\n<p>&#8221; locked=&#8221;off&#8221; global_colors_info=&#8221;{}&#8221; sticky_enabled=&#8221;0&#8243;]<\/p>\n<h2>1. DOGOVARANJE PROJEKTNOG ZADATKA <br \/> S KLIJENTOM<\/h2>\n<p>[\/et_pb_text][et_pb_text _builder_version=&#8221;4.25.2&#8243; _module_preset=&#8221;aec0be99-8a53-4f75-abf2-64f29a8b4cc2&#8243; text_font=&#8221;|300|||||||&#8221; text_text_color=&#8221;#666666&#8243; text_font_size=&#8221;18px&#8221; text_line_height=&#8221;1.8em&#8221; link_text_color=&#8221;#000000&#8243; text_font_size_tablet=&#8221;16px&#8221; text_font_size_phone=&#8221;14px&#8221; text_font_size_last_edited=&#8221;on|phone&#8221; content_en_us=&#8221;<\/p>\n<p>FREE: Initial meeting with the client and defining the needs for a specific type of interior design service \u2013 approx. 1 hour<\/p>\n<p>&#8221; locked=&#8221;off&#8221; global_colors_info=&#8221;{}&#8221;]<\/p>\n<p>BESPLATNO: inicijalni sastanak s klijentom i definiranje potreba za odre\u0111enom vrstom usluge u dizajnu interijera \u2013 cca 1 sat<\/p>\n<p>[\/et_pb_text][et_pb_text _builder_version=&#8221;4.25.2&#8243; _module_preset=&#8221;16a54059-cc81-4572-9c70-eda6a6c419bf&#8221; text_font=&#8221;|300|||||||&#8221; text_font_size=&#8221;18px&#8221; text_line_height=&#8221;1.8em&#8221; ul_font=&#8221;|300|||||||&#8221; text_font_size_tablet=&#8221;15px&#8221; text_font_size_phone=&#8221;14px&#8221; text_font_size_last_edited=&#8221;on|phone&#8221; header_font_size_tablet=&#8221;55px&#8221; header_font_size_last_edited=&#8221;off|desktop&#8221; content_en_us=&#8221;<\/p>\n<p>Other:<\/p>\n<ul>\n<li>Site visit \u2013 assessment of the existing condition<\/li>\n<li>Defining the work task \u2013 functional solutions for the space<\/li>\n<li>Measuring and photographing the space in its current condition<\/li>\n<li>Drawing the floor plan of the existing state if no floor plan exists<\/li>\n<li>Defining the project brief<\/li>\n<\/ul>\n<p>&#8221; locked=&#8221;off&#8221; global_colors_info=&#8221;{}&#8221;]<\/p>\n<p>Ostalo:<\/p>\n<ul>\n<li>izlazak na teren \u2013 uvid u postoje\u0107e\/zate\u010deno stanje<\/li>\n<li>definiranje radnog zadatka \u2013 funkcionalna rje\u0161enja prostora<\/li>\n<li>izmjera i fotografiranje prostora u zate\u010denom stanju<\/li>\n<li>crtanje tlocrta postoje\u0107eg stanja prostora ukoliko ne postoji tlocrt objekta<\/li>\n<li>definiranje projektnog zadatka<\/li>\n<\/ul>\n<p>[\/et_pb_text][\/et_pb_column][\/et_pb_row][\/et_pb_section][et_pb_section fb_built=&#8221;1&#8243; custom_padding_last_edited=&#8221;on|desktop&#8221; admin_label=&#8221;About&#8221; _builder_version=&#8221;4.20.2&#8243; _module_preset=&#8221;default&#8221; custom_margin_tablet=&#8221;&#8221; custom_margin_phone=&#8221;-60px||||false|false&#8221; custom_margin_last_edited=&#8221;on|phone&#8221; custom_padding_tablet=&#8221;&#8221; custom_padding_phone=&#8221;0px||||false|false&#8221; locked=&#8221;off&#8221; global_colors_info=&#8221;{}&#8221;][et_pb_row column_structure=&#8221;1_2,1_2&#8243; _builder_version=&#8221;4.18.0&#8243; _module_preset=&#8221;default&#8221; global_colors_info=&#8221;{}&#8221;][et_pb_column type=&#8221;1_2&#8243; _builder_version=&#8221;4.18.0&#8243; _module_preset=&#8221;default&#8221; global_colors_info=&#8221;{}&#8221;][et_pb_text _builder_version=&#8221;4.25.2&#8243; _module_preset=&#8221;32021f09-dd67-47fb-8f9a-832b72a38baf&#8221; header_2_font=&#8221;Roboto|300||on|||||&#8221; header_2_text_color=&#8221;#004a69&#8243; header_2_font_size=&#8221;40px&#8221; header_2_line_height=&#8221;1.35em&#8221; header_2_font_size_tablet=&#8221;30px&#8221; header_2_font_size_phone=&#8221;18px&#8221; header_2_font_size_last_edited=&#8221;on|phone&#8221; content_en_us=&#8221;<\/p>\n<h2>2. FLOOR PLAN CONCEPTUAL INTERIOR SOLUTIONS + MOODBOARD<\/h2>\n<p>&#8221; locked=&#8221;off&#8221; global_colors_info=&#8221;{}&#8221;]<\/p>\n<h2>2. TLOCRTNA IDEJNA RJE\u0160ENJA INTERIJERA + MOODBOARD<\/h2>\n<p>[\/et_pb_text][et_pb_text _builder_version=&#8221;4.25.2&#8243; _module_preset=&#8221;16a54059-cc81-4572-9c70-eda6a6c419bf&#8221; text_font=&#8221;|300|||||||&#8221; text_font_size=&#8221;18px&#8221; text_line_height=&#8221;1.8em&#8221; text_font_size_tablet=&#8221;15px&#8221; text_font_size_phone=&#8221;14px&#8221; text_font_size_last_edited=&#8221;on|phone&#8221; header_font_size_tablet=&#8221;55px&#8221; header_font_size_last_edited=&#8221;off|desktop&#8221; content_en_us=&#8221;<\/p>\n<ul>\n<li>Creation of the existing floor plan with construction solutions for demolishing and building new walls<\/li>\n<li>Creation of 2-3 floor plan variants of conceptual spatial solutions with furniture layout and necessary equipment dimensions<\/li>\n<li>Basic spatial and design solution for floor coverings in the floor plan<\/li>\n<li>Proposal for wall and ceiling treatments<\/li>\n<li>Creation of a style scheme\/moodboard \u2013 a presentation folder with inspirational photos and visuals that convey the design style and color scheme<\/li>\n<\/ul>\n<p>&#8221; locked=&#8221;off&#8221; global_colors_info=&#8221;{}&#8221;]<\/p>\n<ul>\n<li>izrada tlocrta postoje\u0107eg stanja prostora s konstrukcijskim rje\u0161enjima ru\u0161enja i gradnje novih zidova<\/li>\n<li>izrada 2-3 varijante tlocrta prostornog idejnog rje\u0161enja s dispozicijom namje\u0161taja i potrebne opreme s kotama<\/li>\n<li>osnovno prostorno i oblikovno rje\u0161enje podnih obloga u tlocrtu<\/li>\n<li>prijedlog obrade zidova i stropova<\/li>\n<li>izrada stilske sheme\/moodboard \u2013 prezentacijska mapa s inspiracijskim fotografijama i vizualima koji do\u010daravaju stil ure\u0111enja i shemu boja<\/li>\n<\/ul>\n<p>[\/et_pb_text][\/et_pb_column][et_pb_column type=&#8221;1_2&#8243; _builder_version=&#8221;4.18.0&#8243; _module_preset=&#8221;default&#8221; global_colors_info=&#8221;{}&#8221;][et_pb_text _builder_version=&#8221;4.25.2&#8243; _module_preset=&#8221;32021f09-dd67-47fb-8f9a-832b72a38baf&#8221; header_2_font=&#8221;Roboto|300||on|||||&#8221; header_2_text_color=&#8221;#004a69&#8243; header_2_font_size=&#8221;40px&#8221; header_2_line_height=&#8221;1.35em&#8221; header_2_font_size_tablet=&#8221;30px&#8221; header_2_font_size_phone=&#8221;18px&#8221; header_2_font_size_last_edited=&#8221;on|phone&#8221; content_en_us=&#8221;<\/p>\n<h2>3. DETAILED CONCEPTUAL INTERIOR DESIGN PROJECT + MOODBOARD + 3D VISUALIZATIONS + PURCHASE LISTS<\/h2>\n<p>&#8221; locked=&#8221;off&#8221; global_colors_info=&#8221;{}&#8221;]<\/p>\n<h2>3. DETALJNI IDEJNI PROJEKT URE\u0110ENJA INTERIJERA\u00a0+ MOODBOARD + 3D VIZUALIZACIJE\u00a0+ TRO\u0160KOVNICI I LISTE OPREME\u00a0\u00a0<\/h2>\n<p>[\/et_pb_text][et_pb_text _builder_version=&#8221;4.25.2&#8243; _module_preset=&#8221;16a54059-cc81-4572-9c70-eda6a6c419bf&#8221; text_font=&#8221;|300|||||||&#8221; text_font_size=&#8221;18px&#8221; text_line_height=&#8221;1.8em&#8221; custom_padding=&#8221;2px|||||&#8221; text_font_size_tablet=&#8221;15px&#8221; text_font_size_phone=&#8221;14px&#8221; text_font_size_last_edited=&#8221;on|phone&#8221; header_font_size_tablet=&#8221;55px&#8221; header_font_size_last_edited=&#8221;off|desktop&#8221; content_en_us=&#8221;<\/p>\n<ul>\n<li>Floor plan of the existing condition<\/li>\n<li>2 to 3 floor plan solutions with furniture layout<\/li>\n<li>Development of agreed spaces<\/li>\n<li>Several views with conceptual furniture proposals<\/li>\n<li>Description of conceptual solutions and furniture positions for each room<\/li>\n<li>Moodboard\/inspirational map for each room<\/li>\n<li>Detailed development of the selected conceptual solution<\/li>\n<li>The selected floor plan solution is developed in 3D visualization<\/li>\n<li>Creation of carpentry solutions: inspirational photos, 3D visualizations, and descriptions, selection of materials<\/li>\n<li>Selection of floor and wall coverings, colors, furniture, and decorations<\/li>\n<li>List\/cost estimate of furniture, equipment, materials, lighting with supplier recommendations<\/li>\n<li>Positioning plans for floor and wall coverings (layout plan for parquet and tiles in the bathroom and kitchen)<\/li>\n<li>Drafting plans for the production of individual furniture pieces<\/li>\n<li>Selection of furniture and equipment<\/li>\n<li>Selection of sanitary ware<\/li>\n<li>Selection of decorations \u2013 wallpapers, curtains, ornaments, artwork<\/li>\n<li>Site visits and monitoring of works<\/li>\n<li>Photography of the finished space<\/li>\n<\/ul>\n<p>&#8221; locked=&#8221;off&#8221; global_colors_info=&#8221;{}&#8221;]<\/p>\n<ul>\n<li>tlocrt zate\u010denog\/postoje\u0107eg stanja<\/li>\n<li>2 do 3 rje\u0161enja idejnog tlocrtnog rje\u0161enja s dispozicijom namje\u0161taja<\/li>\n<li>razrada dogovorenih prostora<br \/>\u2013 nekoliko pogleda s idejnim prijedlozima namje\u0161taja<\/li>\n<li>opis idejnih rje\u0161enja i pozicije namje\u0161taja za svaku od prostorija<\/li>\n<li>moodboard\/inspiracijska mapa za svaku prostoriju<\/li>\n<li>detaljna razrada odabranog idejnog rje\u0161enja<\/li>\n<li>odabrano tlocrtno rje\u0161enje razra\u0111ujemo u 3D vizualizaciji<\/li>\n<li>kreiramo stolarska rje\u0161enja: inspirativne fotografije, 3D vizualizacije i opis, odabir materijala.<\/li>\n<li>odabir podnih i zidnih obloga, boja, namje\u0161taja i dekoracije \u2013 popis\/tro\u0161kovnik namje\u0161taja, opreme, materijala, rasvjete s prijedlogom dobavlja\u010da<\/li>\n<li>nacrti pozicioniranja podnih i zidnih obloga (nacrt postave parketa i keramike u kupaonici i kuhinji)<\/li>\n<li>izrada nacrta za izradu pojedinih komada namje\u0161taja<\/li>\n<li>odabir namje\u0161taja i opreme<\/li>\n<li>odabir sanitarija<\/li>\n<li>odabir dekoracija \u2013 tapete, zavjese, ukrasi, umjetnine<\/li>\n<li>dolazak na gradili\u0161te i pra\u0107enje radova<\/li>\n<li>fotografiranje zavr\u0161enog prostora<\/li>\n<\/ul>\n<p>[\/et_pb_text][\/et_pb_column][\/et_pb_row][et_pb_row _builder_version=&#8221;4.18.0&#8243; _module_preset=&#8221;default&#8221; global_colors_info=&#8221;{}&#8221;][et_pb_column type=&#8221;4_4&#8243; _builder_version=&#8221;4.18.0&#8243; _module_preset=&#8221;default&#8221; global_colors_info=&#8221;{}&#8221;][et_pb_text _builder_version=&#8221;4.25.2&#8243; _module_preset=&#8221;32021f09-dd67-47fb-8f9a-832b72a38baf&#8221; header_2_font=&#8221;Roboto|300||on|||||&#8221; header_2_text_color=&#8221;#004a69&#8243; header_2_font_size=&#8221;40px&#8221; header_2_line_height=&#8221;1.35em&#8221; header_2_font_size_tablet=&#8221;30px&#8221; header_2_font_size_phone=&#8221;18px&#8221; header_2_font_size_last_edited=&#8221;on|phone&#8221; content_en_us=&#8221;<\/p>\n<h2>4. CONSULTATION <\/h2>\n<p>&#8221; locked=&#8221;off&#8221; global_colors_info=&#8221;{}&#8221;]<\/p>\n<h2>4. SAVJETOVANJE\u00a0<\/h2>\n<p>[\/et_pb_text][et_pb_text _builder_version=&#8221;4.25.2&#8243; _module_preset=&#8221;16a54059-cc81-4572-9c70-eda6a6c419bf&#8221; text_font=&#8221;|300|||||||&#8221; text_font_size=&#8221;18px&#8221; text_line_height=&#8221;1.8em&#8221; text_font_size_tablet=&#8221;15px&#8221; text_font_size_phone=&#8221;14px&#8221; text_font_size_last_edited=&#8221;on|phone&#8221; header_font_size_tablet=&#8221;55px&#8221; header_font_size_last_edited=&#8221;off|desktop&#8221; content_en_us=&#8221;<\/p>\n<ul>\n<li>Project analysis<\/li>\n<li>Oral consultation with clients<\/li>\n<li>This service is charged per hour<\/li>\n<\/ul>\n<p>&#8221; locked=&#8221;off&#8221; global_colors_info=&#8221;{}&#8221;]<\/p>\n<ul>\n<li>analiza projekta<\/li>\n<li>usmeno savjetovanje klijenata<\/li>\n<li>ova usluga se napla\u0107uje po satu<\/li>\n<\/ul>\n<p>[\/et_pb_text][et_pb_text _builder_version=&#8221;4.25.2&#8243; _module_preset=&#8221;aec0be99-8a53-4f75-abf2-64f29a8b4cc2&#8243; text_font=&#8221;|300|||||||&#8221; text_text_color=&#8221;#666666&#8243; text_font_size=&#8221;18px&#8221; text_line_height=&#8221;1.8em&#8221; link_font=&#8221;|300|||||||&#8221; link_text_color=&#8221;#000000&#8243; ul_font=&#8221;|300|||||||&#8221; text_font_size_tablet=&#8221;16px&#8221; text_font_size_phone=&#8221;14px&#8221; text_font_size_last_edited=&#8221;on|phone&#8221; content_en_us=&#8221;<\/p>\n<p>Prices are calculated per m\u00b2 of the space to be designed, ranging from a minimum of \u20ac 25 to a maximum of \u20ac 50, depending on the amount of work and the size of the space. Travel and site visits outside of Zagreb are charged separately. According to the client&#8217;s needs and wishes, assistance in purchasing equipment is provided \u2013 consultations and visits are charged per hour.<\/p>\n<p>&#8221; locked=&#8221;off&#8221; global_colors_info=&#8221;{}&#8221;]<\/p>\n<p>Cijene se obra\u010dunavaju po m2 prostora za ure\u0111enje od min. 25 \u20ac do max. 50 \u20ac ovisno o koli\u010dini navedenih poslova i veli\u010dini prostora.<\/p>\n<p>Putovanja i odlasci na teren van Zagreba napla\u0107uju se zasebno.<\/p>\n<p>Prema potrebama i \u017eeljama klijenta vr\u0161i se odlazak u kupovinu opreme \u2013 konzultacije i odlazak u tom slu\u010daju napla\u0107uju se po satu.<\/p>\n<p>[\/et_pb_text][\/et_pb_column][\/et_pb_row][\/et_pb_section][et_pb_section fb_built=&#8221;1&#8243; admin_label=&#8221;Footer&#8221; _builder_version=&#8221;4.20.2&#8243; _module_preset=&#8221;default&#8221; background_color=&#8221;#FFFFFF&#8221; use_background_color_gradient=&#8221;on&#8221; background_color_gradient_direction=&#8221;0deg&#8221; background_color_gradient_stops=&#8221;rgba(73,73,73,0.1) 32%|rgba(255,255,255,0) 32%&#8221; background_last_edited=&#8221;off|desktop&#8221; background_enable_color_tablet=&#8221;off&#8221; use_background_color_gradient_tablet=&#8221;on&#8221; background_color_gradient_stops_tablet=&#8221;#e1d9d7 80%|rgba(255,255,255,0) 80%&#8221; global_module=&#8221;195&#8243; saved_tabs=&#8221;all&#8221; locked=&#8221;off&#8221; global_colors_info=&#8221;{}&#8221;][et_pb_row column_structure=&#8221;1_2,1_2&#8243; _builder_version=&#8221;4.18.0&#8243; _module_preset=&#8221;default&#8221; custom_padding=&#8221;0px||0px||true|false&#8221; locked=&#8221;off&#8221; global_colors_info=&#8221;{}&#8221;][et_pb_column type=&#8221;1_2&#8243; _builder_version=&#8221;4.17.6&#8243; _module_preset=&#8221;default&#8221; global_colors_info=&#8221;{}&#8221;][et_pb_image src=&#8221;https:\/\/diversus-design.com\/wp-content\/uploads\/2023\/03\/close-up-hand-drawing-furniture.jpg&#8221; title_text=&#8221;close-up-hand-drawing-furniture&#8221; _builder_version=&#8221;4.20.2&#8243; _module_preset=&#8221;default&#8221; border_radii=&#8221;off|1000px|1000px||&#8221; border_width_all=&#8221;3px&#8221; border_color_all=&#8221;#004a69&#8243; locked=&#8221;off&#8221; global_colors_info=&#8221;{}&#8221;][\/et_pb_image][\/et_pb_column][et_pb_column type=&#8221;1_2&#8243; _builder_version=&#8221;4.17.6&#8243; _module_preset=&#8221;default&#8221; custom_padding=&#8221;60px||60px||true|false&#8221; custom_padding_tablet=&#8221;20px||20px||true|false&#8221; custom_padding_phone=&#8221;0px||0px||true|false&#8221; custom_padding_last_edited=&#8221;on|phone&#8221; global_colors_info=&#8221;{}&#8221;][et_pb_text _builder_version=&#8221;4.25.1&#8243; _module_preset=&#8221;7b39e609-07da-4c2d-b385-8265485d0349&#8243; header_2_font=&#8221;Roboto|300||on|||||&#8221; header_2_text_color=&#8221;#004a69&#8243; header_2_font_size=&#8221;52px&#8221; header_2_line_height=&#8221;1.2em&#8221; header_2_font_size_tablet=&#8221;50px&#8221; header_2_font_size_phone=&#8221;38px&#8221; header_2_font_size_last_edited=&#8221;on|phone&#8221; content_en_us=&#8221;<\/p>\n<h2>SCHEDULE YOUR FIRST FREE MEETING<\/h2>\n<p>&#8221; locked=&#8221;off&#8221; global_colors_info=&#8221;{}&#8221;]<\/p>\n<h2>Dogovorite prvi besplatni sastanak<\/h2>\n<p>[\/et_pb_text][et_pb_text _builder_version=&#8221;4.25.1&#8243; _module_preset=&#8221;3a5fa9a7-7987-4564-89a5-37b87a5b6ad8&#8243; text_font=&#8221;|300|||||||&#8221; text_text_color=&#8221;#004a69&#8243; text_font_size=&#8221;16px&#8221; link_text_color=&#8221;#004a69&#8243; header_3_font=&#8221;Krona One||||||||&#8221; header_3_font_size=&#8221;32px&#8221; header_3_line_height=&#8221;1.4em&#8221; header_3_font_size_tablet=&#8221;20px&#8221; header_3_font_size_phone=&#8221;16px&#8221; header_3_font_size_last_edited=&#8221;on|phone&#8221; content_en_us=&#8221;<\/p>\n<p><strong>DIVERSUS<\/strong>, obrt za poslovne usluge, vl. Isabela Amalie Bonyaj<\/p>\n<p>Dobri dol 52, 10 000 Zagreb<\/p>\n<p>mob: <a href=%22tel:00385917517283%22>+385 91 751 72 83<\/a><\/p>\n<p>e-mail: <a href=%22mailto:isabela@diversus-design.com%22>isabela@diversus-design.com<\/a><\/p>\n<p>&#8221; global_colors_info=&#8221;{}&#8221;]<\/p>\n<p><strong>DIVERSUS<\/strong>, obrt za poslovne usluge, vl. Isabela Amalie Bonyaj<\/p>\n<p>Dobri dol 52, 10 000 Zagreb<\/p>\n<p>mob: <a href=\"tel:00385917517283\">+385 91 751 72 83<\/a><\/p>\n<p>e-mail:\u00a0<a href=\"mailto:isabela@diversus-design.com\">isabela@diversus-design.com<\/a><\/p>\n<p>[\/et_pb_text][\/et_pb_column][\/et_pb_row][\/et_pb_section]<\/p>\n","protected":false},"excerpt":{"rendered":"<p>USLUGE1. DOGOVARANJE PROJEKTNOG ZADATKA S KLIJENTOMBESPLATNO: inicijalni sastanak s klijentom i definiranje potreba za odre\u0111enom vrstom usluge u dizajnu interijera \u2013 cca 1 satOstalo: izlazak na teren \u2013 uvid u postoje\u0107e\/zate\u010deno stanje definiranje radnog zadatka \u2013 funkcionalna rje\u0161enja prostora izmjera i fotografiranje prostora u zate\u010denom stanju crtanje tlocrta postoje\u0107eg stanja prostora ukoliko ne postoji tlocrt [&hellip;]<\/p>\n","protected":false},"author":1,"featured_media":0,"parent":0,"menu_order":0,"comment_status":"closed","ping_status":"closed","template":"","meta":{"_et_pb_use_builder":"on","_et_pb_old_content":"","_et_gb_content_width":"","footnotes":""},"class_list":["post-223","page","type-page","status-publish","hentry"],"_links":{"self":[{"href":"https:\/\/diversus-design.com\/en\/wp-json\/wp\/v2\/pages\/223","targetHints":{"allow":["GET"]}}],"collection":[{"href":"https:\/\/diversus-design.com\/en\/wp-json\/wp\/v2\/pages"}],"about":[{"href":"https:\/\/diversus-design.com\/en\/wp-json\/wp\/v2\/types\/page"}],"author":[{"embeddable":true,"href":"https:\/\/diversus-design.com\/en\/wp-json\/wp\/v2\/users\/1"}],"replies":[{"embeddable":true,"href":"https:\/\/diversus-design.com\/en\/wp-json\/wp\/v2\/comments?post=223"}],"version-history":[{"count":16,"href":"https:\/\/diversus-design.com\/en\/wp-json\/wp\/v2\/pages\/223\/revisions"}],"predecessor-version":[{"id":1085,"href":"https:\/\/diversus-design.com\/en\/wp-json\/wp\/v2\/pages\/223\/revisions\/1085"}],"wp:attachment":[{"href":"https:\/\/diversus-design.com\/en\/wp-json\/wp\/v2\/media?parent=223"}],"curies":[{"name":"wp","href":"https:\/\/api.w.org\/{rel}","templated":true}]}}