{"id":149,"date":"2023-03-21T23:47:12","date_gmt":"2023-03-21T23:47:12","guid":{"rendered":"https:\/\/diversus-design.com\/?page_id=149"},"modified":"2024-06-27T07:30:45","modified_gmt":"2024-06-27T07:30:45","slug":"o-nama","status":"publish","type":"page","link":"https:\/\/diversus-design.com\/en\/about-us\/","title":{"rendered":"ABOUT US"},"content":{"rendered":"<p>[et_pb_section fb_built=&#8221;1&#8243; custom_padding_last_edited=&#8221;on|desktop&#8221; admin_label=&#8221;Header&#8221; _builder_version=&#8221;4.20.2&#8243; _module_preset=&#8221;default&#8221; custom_margin_tablet=&#8221;&#8221; custom_margin_phone=&#8221;&#8221; custom_margin_last_edited=&#8221;on|phone&#8221; custom_padding=&#8221;||24px||false|false&#8221; custom_padding_tablet=&#8221;||24px||false|false&#8221; custom_padding_phone=&#8221;0px||||false|false&#8221; global_colors_info=&#8221;{}&#8221;][et_pb_row _builder_version=&#8221;4.20.2&#8243; _module_preset=&#8221;default&#8221; custom_margin=&#8221;|auto|41px|auto||&#8221; custom_margin_tablet=&#8221;|auto|41px|auto||&#8221; custom_margin_phone=&#8221;||0px||false|false&#8221; custom_margin_last_edited=&#8221;on|desktop&#8221; custom_padding=&#8221;32px||5px|||&#8221; global_colors_info=&#8221;{}&#8221;][et_pb_column type=&#8221;4_4&#8243; _builder_version=&#8221;4.18.0&#8243; _module_preset=&#8221;default&#8221; global_colors_info=&#8221;{}&#8221;][et_pb_text _builder_version=&#8221;4.25.1&#8243; _module_preset=&#8221;d72c0383-6487-4f2c-ac5c-7d48a6376757&#8243; header_font=&#8221;Roboto|300||on|||||&#8221; header_text_color=&#8221;#004a69&#8243; header_font_size=&#8221;96px&#8221; header_line_height=&#8221;1.2em&#8221; text_orientation=&#8221;center&#8221; hover_enabled=&#8221;0&#8243; header_font_size_tablet=&#8221;50px&#8221; header_font_size_phone=&#8221;30px&#8221; header_font_size_last_edited=&#8221;on|phone&#8221; locked=&#8221;off&#8221; global_colors_info=&#8221;{}&#8221; content_en_us=&#8221;<\/p>\n<h1>ABOUT US<\/h1>\n<p>&#8221; sticky_enabled=&#8221;0&#8243;]<\/p>\n<h1>O NAMA<\/h1>\n<p>[\/et_pb_text][et_pb_text _builder_version=&#8221;4.20.2&#8243; _module_preset=&#8221;381dae94-24d7-4aff-b920-d622376eafad&#8221; header_5_font=&#8221;Sacramento||||||||&#8221; header_5_text_color=&#8221;#db7093&#8243; header_5_font_size=&#8221;80px&#8221; header_5_line_height=&#8221;1.2em&#8221; text_orientation=&#8221;center&#8221; custom_margin=&#8221;-100px||1px||false|false&#8221; custom_margin_tablet=&#8221;-80px||||false|false&#8221; custom_margin_phone=&#8221;-60px||||false|false&#8221; custom_margin_last_edited=&#8221;on|phone&#8221; custom_padding=&#8221;||7px|||&#8221; header_5_font_size_tablet=&#8221;40px&#8221; header_5_font_size_phone=&#8221;34px&#8221; header_5_font_size_last_edited=&#8221;on|phone&#8221; locked=&#8221;off&#8221; global_colors_info=&#8221;{}&#8221;]<\/p>\n<h5><strong><em>Isabela Amalie Bonyaj<\/em><\/strong><\/h5>\n<p>[\/et_pb_text][et_pb_text _builder_version=&#8221;4.25.1&#8243; _module_preset=&#8221;1d866de3-b108-4c5f-bed3-2da9506a6915&#8243; header_font=&#8221;||||||||&#8221; header_4_font=&#8221;Roboto|300|||||||&#8221; header_4_text_color=&#8221;#004a69&#8243; header_4_font_size=&#8221;24px&#8221; header_4_line_height=&#8221;1.5em&#8221; text_orientation=&#8221;center&#8221; hover_enabled=&#8221;0&#8243; header_4_font_size_tablet=&#8221;18px&#8221; header_4_font_size_phone=&#8221;14px&#8221; header_4_font_size_last_edited=&#8221;on|phone&#8221; locked=&#8221;off&#8221; global_colors_info=&#8221;{}&#8221; content_en_us=&#8221;<\/p>\n<h4><em>interior designer <\/em><\/h4>\n<p>&#8221; sticky_enabled=&#8221;0&#8243;]<\/p>\n<h4><em>dizajnerica interijera <\/em><\/h4>\n<p>[\/et_pb_text][\/et_pb_column][\/et_pb_row][\/et_pb_section][et_pb_section fb_built=&#8221;1&#8243; admin_label=&#8221;About&#8221; _builder_version=&#8221;4.18.0&#8243; _module_preset=&#8221;default&#8221; overflow-x=&#8221;hidden&#8221; overflow-y=&#8221;hidden&#8221; custom_padding=&#8221;2px||3px|||&#8221; global_colors_info=&#8221;{}&#8221;][et_pb_row column_structure=&#8221;1_2,1_2&#8243; _builder_version=&#8221;4.20.2&#8243; _module_preset=&#8221;default&#8221; custom_margin=&#8221;-33px|auto||auto||&#8221; locked=&#8221;off&#8221; global_colors_info=&#8221;{}&#8221;][et_pb_column type=&#8221;1_2&#8243; _builder_version=&#8221;4.20.2&#8243; _module_preset=&#8221;default&#8221; z_index=&#8221;10&#8243; global_colors_info=&#8221;{}&#8221;][et_pb_image src=&#8221;https:\/\/diversus-design.com\/wp-content\/uploads\/2023\/03\/diversus_design_naslovna_20.jpg&#8221; title_text=&#8221;diversus_design_naslovna_20&#8243; _builder_version=&#8221;4.20.2&#8243; _module_preset=&#8221;default&#8221; background_color=&#8221;#db7093&#8243; custom_margin=&#8221;||66px||false|false&#8221; custom_padding=&#8221;|25%|||false|false&#8221; locked=&#8221;off&#8221; global_colors_info=&#8221;{}&#8221;][\/et_pb_image][et_pb_text _builder_version=&#8221;4.25.1&#8243; _module_preset=&#8221;aec0be99-8a53-4f75-abf2-64f29a8b4cc2&#8243; text_font=&#8221;|300|||||||&#8221; text_text_color=&#8221;#004a69&#8243; text_font_size=&#8221;18px&#8221; text_line_height=&#8221;1.8em&#8221; link_text_color=&#8221;#000000&#8243; header_font=&#8221;Roboto|300|||||||&#8221; custom_margin=&#8221;21px|||||&#8221; custom_padding=&#8221;0px|||||&#8221; hover_enabled=&#8221;0&#8243; text_font_size_tablet=&#8221;16px&#8221; text_font_size_phone=&#8221;14px&#8221; text_font_size_last_edited=&#8221;on|phone&#8221; locked=&#8221;off&#8221; global_colors_info=&#8221;{}&#8221; content_en_us=&#8221;<\/p>\n<p>Creativity has been a hallmark throughout the professional life of interior designer Isabela Amalie Bonyaj. She graduated with a degree in German and Italian from the Faculty of Humanities and Social Sciences in Zagreb. After working as a language teacher and aspiring towards creative professions, she has spent the past 24 years establishing herself in the marketing industry, both within large companies and as the owner of her own marketing agency, DIVERSUS.<\/p>\n<p>Isabela masterfully blends her personal interests with her professional endeavors, fully aware that imagination is the key to the creative process. She uses her extensive creative and marketing experience successfully in interior design as well.<\/p>\n<p>&#8221; sticky_enabled=&#8221;0&#8243;]<\/p>\n<p>Kreativnost prati cijeli poslovni vijek dizajnerice interijera Isabela Amalie Bonyaj. Diplomirala je njema\u010dki i talijanski jezik na Filozofskom fakultetu u Zagrebu, nakon rada kao profesor jezika te streme\u0107i kreativnim poslovima, etablira se zadnjih 24 godine u marketin\u0161koj bran\u0161i kako u velikim kompanijama tako i kao \u00a0vlasnica svoje marketin\u0161ke agencije DIVERSUS.<\/p>\n<p>Majstorski spaja osobne interese s poslovnim, svjesna da je u procesu kreacije najva\u017enija &#8211; ma\u0161ta. Ona predstavlja uvid u budu\u0107e \u017eivotne ljepote stoga Isabela uspje\u0161no koristi svoje bogato kreativno i marketin\u0161ko iskustvo i u ure\u0111enju interijera.<\/p>\n<p>[\/et_pb_text][\/et_pb_column][et_pb_column type=&#8221;1_2&#8243; _builder_version=&#8221;4.20.2&#8243; _module_preset=&#8221;default&#8221; global_colors_info=&#8221;{}&#8221;][et_pb_image src=&#8221;https:\/\/diversus-design.com\/wp-content\/uploads\/2023\/03\/diversus_design_naslovna_22.jpg&#8221; title_text=&#8221;diversus_design_naslovna_22&#8243; _builder_version=&#8221;4.20.2&#8243; _module_preset=&#8221;default&#8221; custom_margin=&#8221;|-25vw|||false|false&#8221; custom_margin_tablet=&#8221;|-10vw|||false|false&#8221; custom_margin_phone=&#8221;|-10vw|||false|false&#8221; custom_margin_last_edited=&#8221;on|phone&#8221; hover_enabled=&#8221;0&#8243; global_colors_info=&#8221;{}&#8221; sticky_enabled=&#8221;0&#8243;][\/et_pb_image][\/et_pb_column][\/et_pb_row][\/et_pb_section][et_pb_section fb_built=&#8221;1&#8243; admin_label=&#8221;About&#8221; _builder_version=&#8221;4.18.0&#8243; _module_preset=&#8221;default&#8221; custom_padding=&#8221;5px||6px|||&#8221; hover_enabled=&#8221;0&#8243; locked=&#8221;off&#8221; global_colors_info=&#8221;{}&#8221; sticky_enabled=&#8221;0&#8243;][et_pb_row column_structure=&#8221;1_2,1_2&#8243; _builder_version=&#8221;4.18.0&#8243; _module_preset=&#8221;default&#8221; global_colors_info=&#8221;{}&#8221;][et_pb_column type=&#8221;1_2&#8243; _builder_version=&#8221;4.18.0&#8243; _module_preset=&#8221;default&#8221; global_colors_info=&#8221;{}&#8221;][et_pb_text _builder_version=&#8221;4.25.1&#8243; _module_preset=&#8221;16a54059-cc81-4572-9c70-eda6a6c419bf&#8221; text_font=&#8221;|300|||||||&#8221; text_font_size=&#8221;18px&#8221; text_line_height=&#8221;1.8em&#8221; hover_enabled=&#8221;0&#8243; text_font_size_tablet=&#8221;15px&#8221; text_font_size_phone=&#8221;14px&#8221; text_font_size_last_edited=&#8221;on|phone&#8221; header_font_size_tablet=&#8221;55px&#8221; header_font_size_last_edited=&#8221;off|desktop&#8221; locked=&#8221;off&#8221; global_colors_info=&#8221;{}&#8221; content_en_us=&#8221;<\/p>\n<p>The name DIVERSUS DESIGN suggests a desire to be different from others (Latin: DIVERSUS meaning different, unique). Her original approach, combined with a vision and passion for art, aesthetics, and interior design, along with her rich marketing experience, results in a series of impressive and highly respectable projects. Even early in her marketing career, back in 2000, Isabela was designing some of the most recognizable spaces: the VIP Internet caf\u00e9 on Cvjetni trg (square) in Zagreb, the first VIP Internet corners in hotels and libraries across Croatia, and proposals for the first Internet caf\u00e9 at the airport.<\/p>\n<p>In the last decade, she has designed several private interiors, keenly following global trends in materials and design styles. To better merge her \u2018professional\u2019 creativity with her love for interior design, she took a bold step in 2021 by enrolling in Interior Design at Aspira College. In the spring of 2022, she successfully defended her thesis, officially turning her hobby into a profession. She soon began designing several apartments intended for sale or rent, repurposing apartments into office spaces, and designing custom furniture, guided by the wishes and needs of her clients who happily recommend her to others.<\/p>\n<p>&#8221; sticky_enabled=&#8221;0&#8243;]<\/p>\n<p>Ime DIVERSUS DESIGN sugerira da voli i \u017eeli biti druga\u010dija od drugih (lat. DIVERSUS druga\u010diji, unikatan, jedinstven). Originalan pristup sa vizijom i stra\u0161\u0107u prema umjetnosti, estetici i interijeru u kombinaciji s bogatim marketin\u0161kim iskustvom iznjedrit \u0107e niz efektnih i nadasve respektabilnih uradaka. I kroz marketin\u0161ku karijeru jo\u0161 davne 2000. godine Isabela je osmi\u0161ljavala i neke od najprepoznatljivijih prostora: VIP internet cafe na Cvjetnom trgu, prve VIP Internet cornere u hotelima i knji\u017enicama diljem Hrvatske, prijedloge za prvi Internet cafe na aerodromu&#8230;<\/p>\n<p>Kroz zadnje desetlje\u0107e ure\u0111uje nekoliko privatnih interijera, prati svjetske trendove razvoja materijala i stilove ure\u0111enja s velikim zanimanjem. Kako bi \u0161to bolje spojila &#8216;poslovnu&#8217; kreativnost i ljubav prema ure\u0111enju interijera, 2021. odlu\u010duje se na novi iskorak. Upisuje Dizajn interijera na Visokoj \u0161koli Aspira. U prolje\u0107e 2022. brani uspje\u0161no svoj zavr\u0161ni rad i tako pretvara i slu\u017ebeno hobi u posao. Uskoro kre\u0107e sa ure\u0111enjem nekoliko stanova namijenjenih prodaji ili najmu, osmi\u0161ljava prenamjene stanova u poslovne prostore, projektira namje\u0161taj po mjeri vode\u0107i se \u017eeljama i potrebama naru\u010ditelja koji ju sa zadovoljstvom preporu\u010duju dalje.<\/p>\n<p>[\/et_pb_text][\/et_pb_column][et_pb_column type=&#8221;1_2&#8243; _builder_version=&#8221;4.18.0&#8243; _module_preset=&#8221;default&#8221; global_colors_info=&#8221;{}&#8221;][et_pb_text _builder_version=&#8221;4.25.1&#8243; _module_preset=&#8221;16a54059-cc81-4572-9c70-eda6a6c419bf&#8221; text_font=&#8221;|300|||||||&#8221; text_font_size=&#8221;18px&#8221; text_line_height=&#8221;1.8em&#8221; custom_padding=&#8221;2px|||||&#8221; hover_enabled=&#8221;0&#8243; text_font_size_tablet=&#8221;15px&#8221; text_font_size_phone=&#8221;14px&#8221; text_font_size_last_edited=&#8221;on|phone&#8221; header_font_size_tablet=&#8221;55px&#8221; header_font_size_last_edited=&#8221;off|desktop&#8221; locked=&#8221;off&#8221; global_colors_info=&#8221;{}&#8221; content_en_us=&#8221;<\/p>\n<p>Her inspiration comes from the Art Deco style of the 1920s, which she loves to integrate into her work in a more modern and clean version. Her signature style is a refined aesthetic that adds a special charm to the ambiance, with playful materials and colors. She prefers to combine Italian design with French casualness, and she has a particular love for Mediterranean stone houses. For her, plants are an essential part of both interior and exterior spaces, and she strives to incorporate them into her projects. As a strong advocate for ecology, she aims to use eco-friendly or recycled materials. She believes that beauty doesn&#8217;t have to be expensive; on the contrary! She is particularly drawn to the art of combining modern elements with restored antique pieces, which makes a home subtly warm and cozy, perfectly reflecting her personality and distinctive touch. This results in a rounded impression of high style, comfort, and visually pleasing details.<\/p>\n<p>&#8221; sticky_enabled=&#8221;0&#8243;]<\/p>\n<p>Inspiracija joj je Art Deco stil 20-tih godina 20. stolje\u0107a koji voli integrirati u modernijoj i \u010di\u0161\u0107oj verziji u svoje radove. Njen je pe\u010dat profinjena estetika koja ambijentu daje posebnu dozu \u0161arma, razigranosti materijala i boja. Preferira \u00a0kombinirati \u00a0talijanski dizajn i francusku le\u017eernost, a posebna ljubav su joj kamene mediteranske ku\u0107e. Biljke su za nju va\u017ean dio kako interijera tako i eksterijera te ih nastoji svugdje uklopiti u svoje projekte. Kao veliki pobornik ekologije nastoji (is)koristiti ekolo\u0161ke ili reciklirane materijale. \u00a0Ne smatra da sve mora biti jako skupo da bi bilo lijepo, dapa\u010de! Posebno je privla\u010di umije\u0107e spajanja modernih elemenata i restauriranih komada starina koje dom \u010dine decentno toplim i ugodnim, a tako savr\u0161eno ocrtavaju njenu osobnost i prepoznatljiv &#8216;touch&#8217;. A to je zaokru\u017eeni dojam visokog stila, ugode i oku po\u017eeljnih detalja.<\/p>\n<p>[\/et_pb_text][\/et_pb_column][\/et_pb_row][\/et_pb_section][et_pb_section fb_built=&#8221;1&#8243; admin_label=&#8221;Services&#8221; _builder_version=&#8221;4.18.0&#8243; _module_preset=&#8221;default&#8221; custom_padding=&#8221;22px|||||&#8221; locked=&#8221;off&#8221; global_colors_info=&#8221;{}&#8221;][et_pb_row _builder_version=&#8221;4.18.0&#8243; _module_preset=&#8221;default&#8221; custom_padding=&#8221;4px|||||&#8221; global_colors_info=&#8221;{}&#8221;][et_pb_column type=&#8221;4_4&#8243; _builder_version=&#8221;4.18.0&#8243; _module_preset=&#8221;default&#8221; global_colors_info=&#8221;{}&#8221;][et_pb_text _builder_version=&#8221;4.25.1&#8243; _module_preset=&#8221;7b39e609-07da-4c2d-b385-8265485d0349&#8243; header_2_font=&#8221;Roboto|300||on|||||&#8221; header_2_text_color=&#8221;#004a69&#8243; header_2_font_size=&#8221;66px&#8221; header_2_line_height=&#8221;1.2em&#8221; text_orientation=&#8221;center&#8221; hover_enabled=&#8221;0&#8243; header_2_font_size_tablet=&#8221;50px&#8221; header_2_font_size_phone=&#8221;30px&#8221; header_2_font_size_last_edited=&#8221;on|phone&#8221; locked=&#8221;off&#8221; global_colors_info=&#8221;{}&#8221; content_en_us=&#8221;<\/p>\n<h2>MEDITERRANEAN STONE HOUSES.<br \/>\nArt Deco.<\/h2>\n<p>&#8221; sticky_enabled=&#8221;0&#8243;]<\/p>\n<h2>kamene mediteranske ku\u0107e.<br \/>\nArt Deco.<\/h2>\n<p>[\/et_pb_text][\/et_pb_column][\/et_pb_row][et_pb_row column_structure=&#8221;1_3,1_3,1_3&#8243; _builder_version=&#8221;4.18.0&#8243; _module_preset=&#8221;default&#8221; custom_padding=&#8221;15px|||||&#8221; global_colors_info=&#8221;{}&#8221;][et_pb_column type=&#8221;1_3&#8243; _builder_version=&#8221;4.18.0&#8243; _module_preset=&#8221;default&#8221; global_colors_info=&#8221;{}&#8221;][et_pb_image src=&#8221;https:\/\/diversus-design.com\/wp-content\/uploads\/2023\/03\/diversus_design_naslovna_25.jpg&#8221; title_text=&#8221;diversus_design_naslovna_25&#8243; _builder_version=&#8221;4.20.2&#8243; _module_preset=&#8221;default&#8221; global_colors_info=&#8221;{}&#8221;][\/et_pb_image][\/et_pb_column][et_pb_column type=&#8221;1_3&#8243; _builder_version=&#8221;4.18.0&#8243; _module_preset=&#8221;default&#8221; global_colors_info=&#8221;{}&#8221;][et_pb_image src=&#8221;https:\/\/diversus-design.com\/wp-content\/uploads\/2023\/03\/diversus_design_naslovna_24.jpg&#8221; title_text=&#8221;diversus_design_naslovna_24&#8243; _builder_version=&#8221;4.20.2&#8243; _module_preset=&#8221;default&#8221; global_colors_info=&#8221;{}&#8221;][\/et_pb_image][\/et_pb_column][et_pb_column type=&#8221;1_3&#8243; _builder_version=&#8221;4.18.0&#8243; _module_preset=&#8221;default&#8221; global_colors_info=&#8221;{}&#8221;][et_pb_image src=&#8221;https:\/\/diversus-design.com\/wp-content\/uploads\/2023\/03\/diversus_design_naslovna_27.jpg&#8221; title_text=&#8221;diversus_design_naslovna_27&#8243; _builder_version=&#8221;4.20.2&#8243; _module_preset=&#8221;default&#8221; global_colors_info=&#8221;{}&#8221;][\/et_pb_image][\/et_pb_column][\/et_pb_row][\/et_pb_section][et_pb_section fb_built=&#8221;1&#8243; admin_label=&#8221;Footer&#8221; _builder_version=&#8221;4.20.2&#8243; _module_preset=&#8221;default&#8221; background_color=&#8221;#FFFFFF&#8221; use_background_color_gradient=&#8221;on&#8221; background_color_gradient_direction=&#8221;0deg&#8221; background_color_gradient_stops=&#8221;rgba(73,73,73,0.1) 32%|rgba(255,255,255,0) 32%&#8221; background_last_edited=&#8221;off|desktop&#8221; background_enable_color_tablet=&#8221;off&#8221; use_background_color_gradient_tablet=&#8221;on&#8221; background_color_gradient_stops_tablet=&#8221;#e1d9d7 80%|rgba(255,255,255,0) 80%&#8221; global_module=&#8221;195&#8243; saved_tabs=&#8221;all&#8221; locked=&#8221;off&#8221; global_colors_info=&#8221;{}&#8221;][et_pb_row column_structure=&#8221;1_2,1_2&#8243; _builder_version=&#8221;4.18.0&#8243; _module_preset=&#8221;default&#8221; custom_padding=&#8221;0px||0px||true|false&#8221; locked=&#8221;off&#8221; global_colors_info=&#8221;{}&#8221;][et_pb_column type=&#8221;1_2&#8243; _builder_version=&#8221;4.17.6&#8243; _module_preset=&#8221;default&#8221; global_colors_info=&#8221;{}&#8221;][et_pb_image src=&#8221;https:\/\/diversus-design.com\/wp-content\/uploads\/2023\/03\/close-up-hand-drawing-furniture.jpg&#8221; title_text=&#8221;close-up-hand-drawing-furniture&#8221; _builder_version=&#8221;4.20.2&#8243; _module_preset=&#8221;default&#8221; border_radii=&#8221;off|1000px|1000px||&#8221; border_width_all=&#8221;3px&#8221; border_color_all=&#8221;#004a69&#8243; locked=&#8221;off&#8221; global_colors_info=&#8221;{}&#8221;][\/et_pb_image][\/et_pb_column][et_pb_column type=&#8221;1_2&#8243; _builder_version=&#8221;4.17.6&#8243; _module_preset=&#8221;default&#8221; custom_padding=&#8221;60px||60px||true|false&#8221; custom_padding_tablet=&#8221;20px||20px||true|false&#8221; custom_padding_phone=&#8221;0px||0px||true|false&#8221; custom_padding_last_edited=&#8221;on|phone&#8221; global_colors_info=&#8221;{}&#8221;][et_pb_text _builder_version=&#8221;4.25.1&#8243; _module_preset=&#8221;7b39e609-07da-4c2d-b385-8265485d0349&#8243; header_2_font=&#8221;Roboto|300||on|||||&#8221; header_2_text_color=&#8221;#004a69&#8243; header_2_font_size=&#8221;52px&#8221; header_2_line_height=&#8221;1.2em&#8221; header_2_font_size_tablet=&#8221;50px&#8221; header_2_font_size_phone=&#8221;38px&#8221; header_2_font_size_last_edited=&#8221;on|phone&#8221; content_en_us=&#8221;<\/p>\n<h2>SCHEDULE YOUR FIRST FREE MEETING<\/h2>\n<p>&#8221; locked=&#8221;off&#8221; global_colors_info=&#8221;{}&#8221;]<\/p>\n<h2>Dogovorite prvi besplatni sastanak<\/h2>\n<p>[\/et_pb_text][et_pb_text _builder_version=&#8221;4.25.1&#8243; _module_preset=&#8221;3a5fa9a7-7987-4564-89a5-37b87a5b6ad8&#8243; text_font=&#8221;|300|||||||&#8221; text_text_color=&#8221;#004a69&#8243; text_font_size=&#8221;16px&#8221; link_text_color=&#8221;#004a69&#8243; header_3_font=&#8221;Krona One||||||||&#8221; header_3_font_size=&#8221;32px&#8221; header_3_line_height=&#8221;1.4em&#8221; header_3_font_size_tablet=&#8221;20px&#8221; header_3_font_size_phone=&#8221;16px&#8221; header_3_font_size_last_edited=&#8221;on|phone&#8221; content_en_us=&#8221;<\/p>\n<p><strong>DIVERSUS<\/strong>, obrt za poslovne usluge, vl. Isabela Amalie Bonyaj<\/p>\n<p>Dobri dol 52, 10 000 Zagreb<\/p>\n<p>mob: <a href=\"%22tel:00385917517283%22\">+385 91 751 72 83<\/a><\/p>\n<p>e-mail: <a href=\"%22mailto:isabela@diversus-design.com%22\">isabela@diversus-design.com<\/a><\/p>\n<p>&#8221; global_colors_info=&#8221;{}&#8221;]<\/p>\n<p><strong>DIVERSUS<\/strong>, obrt za poslovne usluge, vl. Isabela Amalie Bonyaj<\/p>\n<p>Dobri dol 52, 10 000 Zagreb<\/p>\n<p>mob: <a href=\"tel:00385917517283\">+385 91 751 72 83<\/a><\/p>\n<p>e-mail:\u00a0<a href=\"mailto:isabela@diversus-design.com\">isabela@diversus-design.com<\/a><\/p>\n<p>[\/et_pb_text][\/et_pb_column][\/et_pb_row][\/et_pb_section]<\/p>\n","protected":false},"excerpt":{"rendered":"<p>O NAMA Isabela Amalie Bonyaj dizajnerica interijera Kreativnost prati cijeli poslovni vijek dizajnerice interijera Isabela Amalie Bonyaj. Diplomirala je njema\u010dki i talijanski jezik na Filozofskom fakultetu u Zagrebu, nakon rada kao profesor jezika te streme\u0107i kreativnim poslovima, etablira se zadnjih 24 godine u marketin\u0161koj bran\u0161i kako u velikim kompanijama tako i kao \u00a0vlasnica svoje marketin\u0161ke [&hellip;]<\/p>\n","protected":false},"author":1,"featured_media":0,"parent":0,"menu_order":0,"comment_status":"closed","ping_status":"closed","template":"","meta":{"_et_pb_use_builder":"on","_et_pb_old_content":"","_et_gb_content_width":"","footnotes":""},"class_list":["post-149","page","type-page","status-publish","hentry"],"_links":{"self":[{"href":"https:\/\/diversus-design.com\/en\/wp-json\/wp\/v2\/pages\/149","targetHints":{"allow":["GET"]}}],"collection":[{"href":"https:\/\/diversus-design.com\/en\/wp-json\/wp\/v2\/pages"}],"about":[{"href":"https:\/\/diversus-design.com\/en\/wp-json\/wp\/v2\/types\/page"}],"author":[{"embeddable":true,"href":"https:\/\/diversus-design.com\/en\/wp-json\/wp\/v2\/users\/1"}],"replies":[{"embeddable":true,"href":"https:\/\/diversus-design.com\/en\/wp-json\/wp\/v2\/comments?post=149"}],"version-history":[{"count":16,"href":"https:\/\/diversus-design.com\/en\/wp-json\/wp\/v2\/pages\/149\/revisions"}],"predecessor-version":[{"id":1013,"href":"https:\/\/diversus-design.com\/en\/wp-json\/wp\/v2\/pages\/149\/revisions\/1013"}],"wp:attachment":[{"href":"https:\/\/diversus-design.com\/en\/wp-json\/wp\/v2\/media?parent=149"}],"curies":[{"name":"wp","href":"https:\/\/api.w.org\/{rel}","templated":true}]}}